{"id":8027,"date":"2025-06-16T14:27:40","date_gmt":"2025-06-16T11:27:40","guid":{"rendered":"https:\/\/lasher.ee\/?post_type=product&#038;p=8027"},"modified":"2026-04-14T23:05:57","modified_gmt":"2026-04-14T20:05:57","slug":"dark-chocolate-ripsikuidut","status":"publish","type":"product","link":"https:\/\/lasher.ee\/fi\/tuote\/dark-chocolate-ripsikuidut\/","title":{"rendered":"Dark Chocolate ripsikuidut 0.05 mix 6-13mm"},"content":{"rendered":"<p>Dark Chocolate ripsikuidut 0.05 mix 6-13mm. Luonnollisempi ja pehme\u00e4mpi lopputulos verrattuna mustiin.<\/p>\n","protected":false},"excerpt":{"rendered":"<p>Dark chocolate ripsikuidut on esteettisesti pehme\u00e4 ja luonnonl\u00e4heinen vaihtoehto klassiselle syv\u00e4nmustalle ripsiv\u00e4rille. T\u00e4m\u00e4n s\u00e4vyiset ripsipidennykset antavat pehme\u00e4mm\u00e4n ja luonnollisemman ilmeen verrattuna mustiin pidennyksiin. L\u00e4mmins\u00e4vyiset ruskeat pidennykset tuovat silmiin syvyytt\u00e4 ja korostavat erilaisia silmien v\u00e4rej\u00e4.<\/p>\n<p>Luonnollisempi ja pehme\u00e4mpi lopputulos verrattuna mustiin.<br \/>\nSopii hyvin bruneteille, blondeille ja punap\u00e4ille<br \/>\nKorostaa silmien luonnollista s\u00e4vy\u00e4, erityisesti vaaleasilm\u00e4isill\u00e4 asiakkailla.<\/p>\n<p>Dark chocolate ripsipidennykset ovat \u00e4\u00e4rimm\u00e4isen laadukkaita ja k\u00e4yt\u00e4nn\u00f6llisi\u00e4. Ne ovat kevyit\u00e4, puolimatta viimeistelyll\u00e4 sek\u00e4 tasaisella pituudella ja paksuudella. Kaikki tuotteet ovat 100 % vegaanisia ja hypoallergeenisia. Erinomainen liimaraita takaa helpon fanning- tekniikan.<\/p>\n<p>Ripsirivin takapuoli on peitetty folioteipill\u00e4, mik\u00e4 mahdollistaa ripsien helpon poistamisen ilman liimaj\u00e4\u00e4mi\u00e4 ja takaa uudelleenk\u00e4yt\u00f6n. Lyhyemm\u00e4t ripsipidennykset on varustettu kapeammalla liimaraidalla kun taas 9 mm<br \/>\nalkaen on leve\u00e4mpi ja paremmin tarttuva kaista.<\/p>\n<p>Jokaisessa ripsikotelossa on 16 ripsirivi\u00e4, jotka on valmistettu korkealaatuisesta Korean PBT-kuidusta ja l\u00e4p\u00e4isseet tiukan laadunvalvonnan.<\/p>\n<p>&nbsp;<\/p>\n","protected":false},"featured_media":8025,"comment_status":"open","ping_status":"closed","template":"","meta":{"site-sidebar-layout":"default","site-content-layout":"","ast-site-content-layout":"default","site-content-style":"default","site-sidebar-style":"default","ast-global-header-display":"","ast-banner-title-visibility":"","ast-main-header-display":"","ast-hfb-above-header-display":"","ast-hfb-below-header-display":"","ast-hfb-mobile-header-display":"","site-post-title":"","ast-breadcrumbs-content":"","ast-featured-img":"","footer-sml-layout":"","ast-disable-related-posts":"","theme-transparent-header-meta":"default","adv-header-id-meta":"","stick-header-meta":"","header-above-stick-meta":"","header-main-stick-meta":"","header-below-stick-meta":"","astra-migrate-meta-layouts":"set","ast-page-background-enabled":"default","ast-page-background-meta":{"desktop":{"background-color":"var(--ast-global-color-4)","background-image":"","background-repeat":"repeat","background-position":"center center","background-size":"auto","background-attachment":"scroll","background-type":"","background-media":"","overlay-type":"","overlay-color":"","overlay-opacity":"","overlay-gradient":""},"tablet":{"background-color":"","background-image":"","background-repeat":"repeat","background-position":"center center","background-size":"auto","background-attachment":"scroll","background-type":"","background-media":"","overlay-type":"","overlay-color":"","overlay-opacity":"","overlay-gradient":""},"mobile":{"background-color":"","background-image":"","background-repeat":"repeat","background-position":"center center","background-size":"auto","background-attachment":"scroll","background-type":"","background-media":"","overlay-type":"","overlay-color":"","overlay-opacity":"","overlay-gradient":""}},"ast-content-background-meta":{"desktop":{"background-color":"var(--ast-global-color-5)","background-image":"","background-repeat":"repeat","background-position":"center center","background-size":"auto","background-attachment":"scroll","background-type":"","background-media":"","overlay-type":"","overlay-color":"","overlay-opacity":"","overlay-gradient":""},"tablet":{"background-color":"var(--ast-global-color-5)","background-image":"","background-repeat":"repeat","background-position":"center center","background-size":"auto","background-attachment":"scroll","background-type":"","background-media":"","overlay-type":"","overlay-color":"","overlay-opacity":"","overlay-gradient":""},"mobile":{"background-color":"var(--ast-global-color-5)","background-image":"","background-repeat":"repeat","background-position":"center center","background-size":"auto","background-attachment":"scroll","background-type":"","background-media":"","overlay-type":"","overlay-color":"","overlay-opacity":"","overlay-gradient":""}}},"product_brand":[],"product_cat":[90,119,124],"product_tag":[],"class_list":{"0":"post-8027","1":"product","2":"type-product","3":"status-publish","4":"has-post-thumbnail","6":"product_cat-ripset","7":"product_cat-ruskeat-ripsikuidut","8":"product_cat-volyymi-ripsikuidut","9":"desktop-align-left","10":"tablet-align-left","11":"mobile-align-left","13":"first","14":"instock","15":"shipping-taxable","16":"purchasable","17":"product-type-variable"},"yoast_head":"<!-- This site is optimized with the Yoast SEO plugin v27.4 - https:\/\/yoast.com\/product\/yoast-seo-wordpress\/ -->\n<title>Dark Chocolate ripsikuidut 0.05 mix 6-13mm - Lasher<\/title>\n<meta name=\"description\" content=\"Dark chocolate ripsikuidut ovat pehme\u00e4 ja luonnollinen vaihtoehto mustille ripsille. Kevyet, puolimattapintaiset ripset korostavat silmien s\u00e4vy\u00e4.\" \/>\n<meta name=\"robots\" content=\"index, follow, max-snippet:-1, max-image-preview:large, max-video-preview:-1\" \/>\n<link rel=\"canonical\" href=\"https:\/\/lasher.ee\/fi\/tuote\/dark-chocolate-ripsikuidut\/\" \/>\n<meta property=\"og:locale\" content=\"fi_FI\" \/>\n<meta property=\"og:type\" content=\"article\" \/>\n<meta property=\"og:title\" content=\"Dark Chocolate ripsikuidut 0.05 mix 6-13mm - Lasher\" \/>\n<meta property=\"og:description\" content=\"Dark chocolate ripsikuidut ovat pehme\u00e4 ja luonnollinen vaihtoehto mustille ripsille. Kevyet, puolimattapintaiset ripset korostavat silmien s\u00e4vy\u00e4.\" \/>\n<meta property=\"og:url\" content=\"https:\/\/lasher.ee\/fi\/tuote\/dark-chocolate-ripsikuidut\/\" \/>\n<meta property=\"og:site_name\" content=\"Lasher\" \/>\n<meta property=\"article:publisher\" content=\"https:\/\/www.facebook.com\/profile.php?id=61564523265885\" \/>\n<meta property=\"article:modified_time\" content=\"2026-04-14T20:05:57+00:00\" \/>\n<meta property=\"og:image\" content=\"https:\/\/lasher.ee\/wp-content\/uploads\/2025\/06\/IMG_0959_imresizer.jpg\" \/>\n\t<meta property=\"og:image:width\" content=\"1024\" \/>\n\t<meta property=\"og:image:height\" content=\"1024\" \/>\n\t<meta property=\"og:image:type\" content=\"image\/jpeg\" \/>\n<meta name=\"twitter:card\" content=\"summary_large_image\" \/>\n<meta name=\"twitter:label1\" content=\"Arvioitu lukuaika\" \/>\n\t<meta name=\"twitter:data1\" content=\"1 minuutti\" \/>\n<script type=\"application\/ld+json\" class=\"yoast-schema-graph\">{\"@context\":\"https:\\\/\\\/schema.org\",\"@graph\":[{\"@type\":\"WebPage\",\"@id\":\"https:\\\/\\\/lasher.ee\\\/fi\\\/tuote\\\/dark-chocolate-ripsikuidut\\\/\",\"url\":\"https:\\\/\\\/lasher.ee\\\/fi\\\/tuote\\\/dark-chocolate-ripsikuidut\\\/\",\"name\":\"Dark Chocolate ripsikuidut 0.05 mix 6-13mm - Lasher\",\"isPartOf\":{\"@id\":\"https:\\\/\\\/lasher.ee\\\/fi\\\/#website\"},\"primaryImageOfPage\":{\"@id\":\"https:\\\/\\\/lasher.ee\\\/fi\\\/tuote\\\/dark-chocolate-ripsikuidut\\\/#primaryimage\"},\"image\":{\"@id\":\"https:\\\/\\\/lasher.ee\\\/fi\\\/tuote\\\/dark-chocolate-ripsikuidut\\\/#primaryimage\"},\"thumbnailUrl\":\"https:\\\/\\\/lasher.ee\\\/wp-content\\\/uploads\\\/2025\\\/06\\\/IMG_0959_imresizer.jpg\",\"datePublished\":\"2025-06-16T11:27:40+00:00\",\"dateModified\":\"2026-04-14T20:05:57+00:00\",\"description\":\"Dark chocolate ripsikuidut ovat pehme\u00e4 ja luonnollinen vaihtoehto mustille ripsille. Kevyet, puolimattapintaiset ripset korostavat silmien s\u00e4vy\u00e4.\",\"breadcrumb\":{\"@id\":\"https:\\\/\\\/lasher.ee\\\/fi\\\/tuote\\\/dark-chocolate-ripsikuidut\\\/#breadcrumb\"},\"inLanguage\":\"fi\",\"potentialAction\":[{\"@type\":\"ReadAction\",\"target\":[\"https:\\\/\\\/lasher.ee\\\/fi\\\/tuote\\\/dark-chocolate-ripsikuidut\\\/\"]}]},{\"@type\":\"ImageObject\",\"inLanguage\":\"fi\",\"@id\":\"https:\\\/\\\/lasher.ee\\\/fi\\\/tuote\\\/dark-chocolate-ripsikuidut\\\/#primaryimage\",\"url\":\"https:\\\/\\\/lasher.ee\\\/wp-content\\\/uploads\\\/2025\\\/06\\\/IMG_0959_imresizer.jpg\",\"contentUrl\":\"https:\\\/\\\/lasher.ee\\\/wp-content\\\/uploads\\\/2025\\\/06\\\/IMG_0959_imresizer.jpg\",\"width\":1024,\"height\":1024,\"caption\":\"Dark Chocolate ripsikuidut 0.05 mm \u2013 pehme ja luonnollinen ruskea s\u00e4vy.\"},{\"@type\":\"BreadcrumbList\",\"@id\":\"https:\\\/\\\/lasher.ee\\\/fi\\\/tuote\\\/dark-chocolate-ripsikuidut\\\/#breadcrumb\",\"itemListElement\":[{\"@type\":\"ListItem\",\"position\":1,\"name\":\"Home\",\"item\":\"https:\\\/\\\/lasher.ee\\\/fi\\\/\"},{\"@type\":\"ListItem\",\"position\":2,\"name\":\"Kaikki tuotteet\",\"item\":\"https:\\\/\\\/lasher.ee\\\/fi\\\/kaikki-tuotteet\\\/\"},{\"@type\":\"ListItem\",\"position\":3,\"name\":\"Dark Chocolate ripsikuidut 0.05 mix 6-13mm\"}]},{\"@type\":\"WebSite\",\"@id\":\"https:\\\/\\\/lasher.ee\\\/fi\\\/#website\",\"url\":\"https:\\\/\\\/lasher.ee\\\/fi\\\/\",\"name\":\"Lasher\",\"description\":\"K\u00f5ik vajalikud ripsmetarvikud ripsmetehnikule \u00fchest kohast.\",\"publisher\":{\"@id\":\"https:\\\/\\\/lasher.ee\\\/fi\\\/#organization\"},\"potentialAction\":[{\"@type\":\"SearchAction\",\"target\":{\"@type\":\"EntryPoint\",\"urlTemplate\":\"https:\\\/\\\/lasher.ee\\\/fi\\\/?s={search_term_string}\"},\"query-input\":{\"@type\":\"PropertyValueSpecification\",\"valueRequired\":true,\"valueName\":\"search_term_string\"}}],\"inLanguage\":\"fi\"},{\"@type\":\"Organization\",\"@id\":\"https:\\\/\\\/lasher.ee\\\/fi\\\/#organization\",\"name\":\"Lasher\",\"url\":\"https:\\\/\\\/lasher.ee\\\/fi\\\/\",\"logo\":{\"@type\":\"ImageObject\",\"inLanguage\":\"fi\",\"@id\":\"https:\\\/\\\/lasher.ee\\\/fi\\\/#\\\/schema\\\/logo\\\/image\\\/\",\"url\":\"https:\\\/\\\/lasher.ee\\\/wp-content\\\/uploads\\\/2024\\\/09\\\/Screenshot-2024-09-03-at-11.58.17.png\",\"contentUrl\":\"https:\\\/\\\/lasher.ee\\\/wp-content\\\/uploads\\\/2024\\\/09\\\/Screenshot-2024-09-03-at-11.58.17.png\",\"width\":1678,\"height\":1670,\"caption\":\"Lasher\"},\"image\":{\"@id\":\"https:\\\/\\\/lasher.ee\\\/fi\\\/#\\\/schema\\\/logo\\\/image\\\/\"},\"sameAs\":[\"https:\\\/\\\/www.facebook.com\\\/profile.php?id=61564523265885\",\"https:\\\/\\\/www.instagram.com\\\/lasher_official\\\/\"]}]}<\/script>\n<!-- \/ Yoast SEO plugin. -->","yoast_head_json":{"title":"Dark Chocolate ripsikuidut 0.05 mix 6-13mm - Lasher","description":"Dark chocolate ripsikuidut ovat pehme\u00e4 ja luonnollinen vaihtoehto mustille ripsille. Kevyet, puolimattapintaiset ripset korostavat silmien s\u00e4vy\u00e4.","robots":{"index":"index","follow":"follow","max-snippet":"max-snippet:-1","max-image-preview":"max-image-preview:large","max-video-preview":"max-video-preview:-1"},"canonical":"https:\/\/lasher.ee\/fi\/tuote\/dark-chocolate-ripsikuidut\/","og_locale":"fi_FI","og_type":"article","og_title":"Dark Chocolate ripsikuidut 0.05 mix 6-13mm - Lasher","og_description":"Dark chocolate ripsikuidut ovat pehme\u00e4 ja luonnollinen vaihtoehto mustille ripsille. Kevyet, puolimattapintaiset ripset korostavat silmien s\u00e4vy\u00e4.","og_url":"https:\/\/lasher.ee\/fi\/tuote\/dark-chocolate-ripsikuidut\/","og_site_name":"Lasher","article_publisher":"https:\/\/www.facebook.com\/profile.php?id=61564523265885","article_modified_time":"2026-04-14T20:05:57+00:00","og_image":[{"width":1024,"height":1024,"url":"https:\/\/lasher.ee\/wp-content\/uploads\/2025\/06\/IMG_0959_imresizer.jpg","type":"image\/jpeg"}],"twitter_card":"summary_large_image","twitter_misc":{"Arvioitu lukuaika":"1 minuutti"},"schema":{"@context":"https:\/\/schema.org","@graph":[{"@type":"WebPage","@id":"https:\/\/lasher.ee\/fi\/tuote\/dark-chocolate-ripsikuidut\/","url":"https:\/\/lasher.ee\/fi\/tuote\/dark-chocolate-ripsikuidut\/","name":"Dark Chocolate ripsikuidut 0.05 mix 6-13mm - Lasher","isPartOf":{"@id":"https:\/\/lasher.ee\/fi\/#website"},"primaryImageOfPage":{"@id":"https:\/\/lasher.ee\/fi\/tuote\/dark-chocolate-ripsikuidut\/#primaryimage"},"image":{"@id":"https:\/\/lasher.ee\/fi\/tuote\/dark-chocolate-ripsikuidut\/#primaryimage"},"thumbnailUrl":"https:\/\/lasher.ee\/wp-content\/uploads\/2025\/06\/IMG_0959_imresizer.jpg","datePublished":"2025-06-16T11:27:40+00:00","dateModified":"2026-04-14T20:05:57+00:00","description":"Dark chocolate ripsikuidut ovat pehme\u00e4 ja luonnollinen vaihtoehto mustille ripsille. Kevyet, puolimattapintaiset ripset korostavat silmien s\u00e4vy\u00e4.","breadcrumb":{"@id":"https:\/\/lasher.ee\/fi\/tuote\/dark-chocolate-ripsikuidut\/#breadcrumb"},"inLanguage":"fi","potentialAction":[{"@type":"ReadAction","target":["https:\/\/lasher.ee\/fi\/tuote\/dark-chocolate-ripsikuidut\/"]}]},{"@type":"ImageObject","inLanguage":"fi","@id":"https:\/\/lasher.ee\/fi\/tuote\/dark-chocolate-ripsikuidut\/#primaryimage","url":"https:\/\/lasher.ee\/wp-content\/uploads\/2025\/06\/IMG_0959_imresizer.jpg","contentUrl":"https:\/\/lasher.ee\/wp-content\/uploads\/2025\/06\/IMG_0959_imresizer.jpg","width":1024,"height":1024,"caption":"Dark Chocolate ripsikuidut 0.05 mm \u2013 pehme ja luonnollinen ruskea s\u00e4vy."},{"@type":"BreadcrumbList","@id":"https:\/\/lasher.ee\/fi\/tuote\/dark-chocolate-ripsikuidut\/#breadcrumb","itemListElement":[{"@type":"ListItem","position":1,"name":"Home","item":"https:\/\/lasher.ee\/fi\/"},{"@type":"ListItem","position":2,"name":"Kaikki tuotteet","item":"https:\/\/lasher.ee\/fi\/kaikki-tuotteet\/"},{"@type":"ListItem","position":3,"name":"Dark Chocolate ripsikuidut 0.05 mix 6-13mm"}]},{"@type":"WebSite","@id":"https:\/\/lasher.ee\/fi\/#website","url":"https:\/\/lasher.ee\/fi\/","name":"Lasher","description":"K\u00f5ik vajalikud ripsmetarvikud ripsmetehnikule \u00fchest kohast.","publisher":{"@id":"https:\/\/lasher.ee\/fi\/#organization"},"potentialAction":[{"@type":"SearchAction","target":{"@type":"EntryPoint","urlTemplate":"https:\/\/lasher.ee\/fi\/?s={search_term_string}"},"query-input":{"@type":"PropertyValueSpecification","valueRequired":true,"valueName":"search_term_string"}}],"inLanguage":"fi"},{"@type":"Organization","@id":"https:\/\/lasher.ee\/fi\/#organization","name":"Lasher","url":"https:\/\/lasher.ee\/fi\/","logo":{"@type":"ImageObject","inLanguage":"fi","@id":"https:\/\/lasher.ee\/fi\/#\/schema\/logo\/image\/","url":"https:\/\/lasher.ee\/wp-content\/uploads\/2024\/09\/Screenshot-2024-09-03-at-11.58.17.png","contentUrl":"https:\/\/lasher.ee\/wp-content\/uploads\/2024\/09\/Screenshot-2024-09-03-at-11.58.17.png","width":1678,"height":1670,"caption":"Lasher"},"image":{"@id":"https:\/\/lasher.ee\/fi\/#\/schema\/logo\/image\/"},"sameAs":["https:\/\/www.facebook.com\/profile.php?id=61564523265885","https:\/\/www.instagram.com\/lasher_official\/"]}]}},"_links":{"self":[{"href":"https:\/\/lasher.ee\/fi\/wp-json\/wp\/v2\/product\/8027","targetHints":{"allow":["GET"]}}],"collection":[{"href":"https:\/\/lasher.ee\/fi\/wp-json\/wp\/v2\/product"}],"about":[{"href":"https:\/\/lasher.ee\/fi\/wp-json\/wp\/v2\/types\/product"}],"replies":[{"embeddable":true,"href":"https:\/\/lasher.ee\/fi\/wp-json\/wp\/v2\/comments?post=8027"}],"wp:featuredmedia":[{"embeddable":true,"href":"https:\/\/lasher.ee\/fi\/wp-json\/wp\/v2\/media\/8025"}],"wp:attachment":[{"href":"https:\/\/lasher.ee\/fi\/wp-json\/wp\/v2\/media?parent=8027"}],"wp:term":[{"taxonomy":"product_brand","embeddable":true,"href":"https:\/\/lasher.ee\/fi\/wp-json\/wp\/v2\/product_brand?post=8027"},{"taxonomy":"product_cat","embeddable":true,"href":"https:\/\/lasher.ee\/fi\/wp-json\/wp\/v2\/product_cat?post=8027"},{"taxonomy":"product_tag","embeddable":true,"href":"https:\/\/lasher.ee\/fi\/wp-json\/wp\/v2\/product_tag?post=8027"}],"curies":[{"name":"wp","href":"https:\/\/api.w.org\/{rel}","templated":true}]}}