{"id":9184,"date":"2025-08-07T11:51:08","date_gmt":"2025-08-07T08:51:08","guid":{"rendered":"https:\/\/lasher.ee\/erittain-kapeat-6d-valmiit-suppilot-005-600-suppiloa\/"},"modified":"2026-04-09T14:36:52","modified_gmt":"2026-04-09T11:36:52","slug":"super-narrow-6d-0-05-700-viuhkaa","status":"publish","type":"product","link":"https:\/\/lasher.ee\/fi\/tuote\/super-narrow-6d-0-05-700-viuhkaa\/","title":{"rendered":"Super narrow 6D valmisviuhkat (700 viuhkaa)"},"content":{"rendered":"<p>Super narrow 6D valmisviuhkat (700 viuhkaa). Ripsirasia sis\u00e4lt\u00e4\u00e4 eri pituuksia, 6\u20137 mm sek\u00e4 8\u201313 mm.<\/p>\n","protected":false},"excerpt":{"rendered":"<p class=\"p1\">Super Narrow 6D valmisviuhkat\u2013 luonnollinen ja tuuhea volyymi.<\/p>\n<p class=\"p1\">6D ripsiviuhkat on tekniikka, jossa jokaiseen luonnolliseen ripseen kiinnitet\u00e4\u00e4n kuusi ultraohutta viuhkaksi tehty\u00e4 ripsikuitua. Lopputuloksena on tuuhea ja elegantti ilme, mik\u00e4 silti s\u00e4ilytt\u00e4\u00e4 samalla luonnollisen keveyden. Paksuus 0.05 mm, t\u00e4m\u00e4n hienon ripsikuidun ansiosta on mahdollista luoda tiheit\u00e4 viuhkoja kuormittamatta luonnollisia ripsi\u00e4.<\/p>\n<p class=\"p1\">6D valmisviuhkat ovat k\u00e4sintehtyj\u00e4 ja eritt\u00e4in laadukkaita. Viuhkojen symmetria on tasainen, jokainen viuhka on samanlainen. Kiinnityskohta on lyhyt, jotta lopputulos olisi kaunis ja siisti.<\/p>\n<p class=\"p1\">Ripsirasia sis\u00e4lt\u00e4\u00e4 eri pituuksia 6 \u2013 7 mm sek\u00e4 8 \u2013 13 mm. Yhteens\u00e4 14 rivi\u00e4 ja 700 viuhkaa. Valikoimassa C, CC ja D mix rasiat.<\/p>\n","protected":false},"featured_media":9231,"comment_status":"open","ping_status":"closed","template":"","meta":{"site-sidebar-layout":"default","site-content-layout":"","ast-site-content-layout":"default","site-content-style":"default","site-sidebar-style":"default","ast-global-header-display":"","ast-banner-title-visibility":"","ast-main-header-display":"","ast-hfb-above-header-display":"","ast-hfb-below-header-display":"","ast-hfb-mobile-header-display":"","site-post-title":"","ast-breadcrumbs-content":"","ast-featured-img":"","footer-sml-layout":"","ast-disable-related-posts":"","theme-transparent-header-meta":"default","adv-header-id-meta":"","stick-header-meta":"","header-above-stick-meta":"","header-main-stick-meta":"","header-below-stick-meta":"","astra-migrate-meta-layouts":"set","ast-page-background-enabled":"default","ast-page-background-meta":{"desktop":{"background-color":"var(--ast-global-color-4)","background-image":"","background-repeat":"repeat","background-position":"center center","background-size":"auto","background-attachment":"scroll","background-type":"","background-media":"","overlay-type":"","overlay-color":"","overlay-opacity":"","overlay-gradient":""},"tablet":{"background-color":"","background-image":"","background-repeat":"repeat","background-position":"center center","background-size":"auto","background-attachment":"scroll","background-type":"","background-media":"","overlay-type":"","overlay-color":"","overlay-opacity":"","overlay-gradient":""},"mobile":{"background-color":"","background-image":"","background-repeat":"repeat","background-position":"center center","background-size":"auto","background-attachment":"scroll","background-type":"","background-media":"","overlay-type":"","overlay-color":"","overlay-opacity":"","overlay-gradient":""}},"ast-content-background-meta":{"desktop":{"background-color":"var(--ast-global-color-5)","background-image":"","background-repeat":"repeat","background-position":"center center","background-size":"auto","background-attachment":"scroll","background-type":"","background-media":"","overlay-type":"","overlay-color":"","overlay-opacity":"","overlay-gradient":""},"tablet":{"background-color":"var(--ast-global-color-5)","background-image":"","background-repeat":"repeat","background-position":"center center","background-size":"auto","background-attachment":"scroll","background-type":"","background-media":"","overlay-type":"","overlay-color":"","overlay-opacity":"","overlay-gradient":""},"mobile":{"background-color":"var(--ast-global-color-5)","background-image":"","background-repeat":"repeat","background-position":"center center","background-size":"auto","background-attachment":"scroll","background-type":"","background-media":"","overlay-type":"","overlay-color":"","overlay-opacity":"","overlay-gradient":""}}},"product_brand":[],"product_cat":[90,121],"product_tag":[],"class_list":{"0":"post-9184","1":"product","2":"type-product","3":"status-publish","4":"has-post-thumbnail","6":"product_cat-ripset","7":"product_cat-valmisviuhkat","8":"desktop-align-left","9":"tablet-align-left","10":"mobile-align-left","12":"first","13":"instock","14":"shipping-taxable","15":"purchasable","16":"product-type-variable"},"yoast_head":"<!-- This site is optimized with the Yoast SEO plugin v27.5 - https:\/\/yoast.com\/product\/yoast-seo-wordpress\/ -->\n<title>Super Narrow 6D valmisviuhkat - Lasher<\/title>\n<meta name=\"description\" content=\"Super Narrow 6D ripsiviuhkat- kevyet, k\u00e4sintehdyt valmisviuhkat luovat tihe\u00e4n ilmeen ilman, ett\u00e4 ne rasittavat luonnollisia ripsi\u00e4.\" \/>\n<meta name=\"robots\" content=\"index, follow, max-snippet:-1, max-image-preview:large, max-video-preview:-1\" \/>\n<link rel=\"canonical\" href=\"https:\/\/lasher.ee\/fi\/tuote\/super-narrow-6d-0-05-700-viuhkaa\/\" \/>\n<meta property=\"og:locale\" content=\"fi_FI\" \/>\n<meta property=\"og:type\" content=\"article\" \/>\n<meta property=\"og:title\" content=\"Super Narrow 6D valmisviuhkat - Lasher\" \/>\n<meta property=\"og:description\" content=\"Super Narrow 6D ripsiviuhkat- kevyet, k\u00e4sintehdyt valmisviuhkat luovat tihe\u00e4n ilmeen ilman, ett\u00e4 ne rasittavat luonnollisia ripsi\u00e4.\" \/>\n<meta property=\"og:url\" content=\"https:\/\/lasher.ee\/fi\/tuote\/super-narrow-6d-0-05-700-viuhkaa\/\" \/>\n<meta property=\"og:site_name\" content=\"Lasher\" \/>\n<meta property=\"article:publisher\" content=\"https:\/\/www.facebook.com\/profile.php?id=61564523265885\" \/>\n<meta property=\"article:modified_time\" content=\"2026-04-09T11:36:52+00:00\" \/>\n<meta property=\"og:image\" content=\"https:\/\/lasher.ee\/wp-content\/uploads\/2025\/08\/IMG_5449-2-1.jpg\" \/>\n\t<meta property=\"og:image:width\" content=\"1100\" \/>\n\t<meta property=\"og:image:height\" content=\"1100\" \/>\n\t<meta property=\"og:image:type\" content=\"image\/jpeg\" \/>\n<meta name=\"twitter:card\" content=\"summary_large_image\" \/>\n<meta name=\"twitter:label1\" content=\"Arvioitu lukuaika\" \/>\n\t<meta name=\"twitter:data1\" content=\"1 minuutti\" \/>\n<script type=\"application\/ld+json\" class=\"yoast-schema-graph\">{\"@context\":\"https:\\\/\\\/schema.org\",\"@graph\":[{\"@type\":\"WebPage\",\"@id\":\"https:\\\/\\\/lasher.ee\\\/fi\\\/tuote\\\/super-narrow-6d-0-05-700-viuhkaa\\\/\",\"url\":\"https:\\\/\\\/lasher.ee\\\/fi\\\/tuote\\\/super-narrow-6d-0-05-700-viuhkaa\\\/\",\"name\":\"Super Narrow 6D valmisviuhkat - Lasher\",\"isPartOf\":{\"@id\":\"https:\\\/\\\/lasher.ee\\\/fi\\\/#website\"},\"primaryImageOfPage\":{\"@id\":\"https:\\\/\\\/lasher.ee\\\/fi\\\/tuote\\\/super-narrow-6d-0-05-700-viuhkaa\\\/#primaryimage\"},\"image\":{\"@id\":\"https:\\\/\\\/lasher.ee\\\/fi\\\/tuote\\\/super-narrow-6d-0-05-700-viuhkaa\\\/#primaryimage\"},\"thumbnailUrl\":\"https:\\\/\\\/lasher.ee\\\/wp-content\\\/uploads\\\/2025\\\/08\\\/IMG_5449-2-1.jpg\",\"datePublished\":\"2025-08-07T08:51:08+00:00\",\"dateModified\":\"2026-04-09T11:36:52+00:00\",\"description\":\"Super Narrow 6D ripsiviuhkat- kevyet, k\u00e4sintehdyt valmisviuhkat luovat tihe\u00e4n ilmeen ilman, ett\u00e4 ne rasittavat luonnollisia ripsi\u00e4.\",\"breadcrumb\":{\"@id\":\"https:\\\/\\\/lasher.ee\\\/fi\\\/tuote\\\/super-narrow-6d-0-05-700-viuhkaa\\\/#breadcrumb\"},\"inLanguage\":\"fi\",\"potentialAction\":[{\"@type\":\"ReadAction\",\"target\":[\"https:\\\/\\\/lasher.ee\\\/fi\\\/tuote\\\/super-narrow-6d-0-05-700-viuhkaa\\\/\"]}]},{\"@type\":\"ImageObject\",\"inLanguage\":\"fi\",\"@id\":\"https:\\\/\\\/lasher.ee\\\/fi\\\/tuote\\\/super-narrow-6d-0-05-700-viuhkaa\\\/#primaryimage\",\"url\":\"https:\\\/\\\/lasher.ee\\\/wp-content\\\/uploads\\\/2025\\\/08\\\/IMG_5449-2-1.jpg\",\"contentUrl\":\"https:\\\/\\\/lasher.ee\\\/wp-content\\\/uploads\\\/2025\\\/08\\\/IMG_5449-2-1.jpg\",\"width\":1100,\"height\":1100,\"caption\":\"Super Narrow 6D valmisviuhkat 0,05 mm (700 suppiloa)\"},{\"@type\":\"BreadcrumbList\",\"@id\":\"https:\\\/\\\/lasher.ee\\\/fi\\\/tuote\\\/super-narrow-6d-0-05-700-viuhkaa\\\/#breadcrumb\",\"itemListElement\":[{\"@type\":\"ListItem\",\"position\":1,\"name\":\"Home\",\"item\":\"https:\\\/\\\/lasher.ee\\\/fi\\\/\"},{\"@type\":\"ListItem\",\"position\":2,\"name\":\"Kaikki tuotteet\",\"item\":\"https:\\\/\\\/lasher.ee\\\/fi\\\/kaikki-tuotteet\\\/\"},{\"@type\":\"ListItem\",\"position\":3,\"name\":\"Super narrow 6D valmisviuhkat (700 viuhkaa)\"}]},{\"@type\":\"WebSite\",\"@id\":\"https:\\\/\\\/lasher.ee\\\/fi\\\/#website\",\"url\":\"https:\\\/\\\/lasher.ee\\\/fi\\\/\",\"name\":\"Lasher\",\"description\":\"K\u00f5ik vajalikud ripsmetarvikud ripsmetehnikule \u00fchest kohast.\",\"publisher\":{\"@id\":\"https:\\\/\\\/lasher.ee\\\/fi\\\/#organization\"},\"potentialAction\":[{\"@type\":\"SearchAction\",\"target\":{\"@type\":\"EntryPoint\",\"urlTemplate\":\"https:\\\/\\\/lasher.ee\\\/fi\\\/?s={search_term_string}\"},\"query-input\":{\"@type\":\"PropertyValueSpecification\",\"valueRequired\":true,\"valueName\":\"search_term_string\"}}],\"inLanguage\":\"fi\"},{\"@type\":\"Organization\",\"@id\":\"https:\\\/\\\/lasher.ee\\\/fi\\\/#organization\",\"name\":\"Lasher\",\"url\":\"https:\\\/\\\/lasher.ee\\\/fi\\\/\",\"logo\":{\"@type\":\"ImageObject\",\"inLanguage\":\"fi\",\"@id\":\"https:\\\/\\\/lasher.ee\\\/fi\\\/#\\\/schema\\\/logo\\\/image\\\/\",\"url\":\"https:\\\/\\\/lasher.ee\\\/wp-content\\\/uploads\\\/2024\\\/09\\\/Screenshot-2024-09-03-at-11.58.17.png\",\"contentUrl\":\"https:\\\/\\\/lasher.ee\\\/wp-content\\\/uploads\\\/2024\\\/09\\\/Screenshot-2024-09-03-at-11.58.17.png\",\"width\":1678,\"height\":1670,\"caption\":\"Lasher\"},\"image\":{\"@id\":\"https:\\\/\\\/lasher.ee\\\/fi\\\/#\\\/schema\\\/logo\\\/image\\\/\"},\"sameAs\":[\"https:\\\/\\\/www.facebook.com\\\/profile.php?id=61564523265885\",\"https:\\\/\\\/www.instagram.com\\\/lasher_official\\\/\"]}]}<\/script>\n<!-- \/ Yoast SEO plugin. -->","yoast_head_json":{"title":"Super Narrow 6D valmisviuhkat - Lasher","description":"Super Narrow 6D ripsiviuhkat- kevyet, k\u00e4sintehdyt valmisviuhkat luovat tihe\u00e4n ilmeen ilman, ett\u00e4 ne rasittavat luonnollisia ripsi\u00e4.","robots":{"index":"index","follow":"follow","max-snippet":"max-snippet:-1","max-image-preview":"max-image-preview:large","max-video-preview":"max-video-preview:-1"},"canonical":"https:\/\/lasher.ee\/fi\/tuote\/super-narrow-6d-0-05-700-viuhkaa\/","og_locale":"fi_FI","og_type":"article","og_title":"Super Narrow 6D valmisviuhkat - Lasher","og_description":"Super Narrow 6D ripsiviuhkat- kevyet, k\u00e4sintehdyt valmisviuhkat luovat tihe\u00e4n ilmeen ilman, ett\u00e4 ne rasittavat luonnollisia ripsi\u00e4.","og_url":"https:\/\/lasher.ee\/fi\/tuote\/super-narrow-6d-0-05-700-viuhkaa\/","og_site_name":"Lasher","article_publisher":"https:\/\/www.facebook.com\/profile.php?id=61564523265885","article_modified_time":"2026-04-09T11:36:52+00:00","og_image":[{"width":1100,"height":1100,"url":"https:\/\/lasher.ee\/wp-content\/uploads\/2025\/08\/IMG_5449-2-1.jpg","type":"image\/jpeg"}],"twitter_card":"summary_large_image","twitter_misc":{"Arvioitu lukuaika":"1 minuutti"},"schema":{"@context":"https:\/\/schema.org","@graph":[{"@type":"WebPage","@id":"https:\/\/lasher.ee\/fi\/tuote\/super-narrow-6d-0-05-700-viuhkaa\/","url":"https:\/\/lasher.ee\/fi\/tuote\/super-narrow-6d-0-05-700-viuhkaa\/","name":"Super Narrow 6D valmisviuhkat - Lasher","isPartOf":{"@id":"https:\/\/lasher.ee\/fi\/#website"},"primaryImageOfPage":{"@id":"https:\/\/lasher.ee\/fi\/tuote\/super-narrow-6d-0-05-700-viuhkaa\/#primaryimage"},"image":{"@id":"https:\/\/lasher.ee\/fi\/tuote\/super-narrow-6d-0-05-700-viuhkaa\/#primaryimage"},"thumbnailUrl":"https:\/\/lasher.ee\/wp-content\/uploads\/2025\/08\/IMG_5449-2-1.jpg","datePublished":"2025-08-07T08:51:08+00:00","dateModified":"2026-04-09T11:36:52+00:00","description":"Super Narrow 6D ripsiviuhkat- kevyet, k\u00e4sintehdyt valmisviuhkat luovat tihe\u00e4n ilmeen ilman, ett\u00e4 ne rasittavat luonnollisia ripsi\u00e4.","breadcrumb":{"@id":"https:\/\/lasher.ee\/fi\/tuote\/super-narrow-6d-0-05-700-viuhkaa\/#breadcrumb"},"inLanguage":"fi","potentialAction":[{"@type":"ReadAction","target":["https:\/\/lasher.ee\/fi\/tuote\/super-narrow-6d-0-05-700-viuhkaa\/"]}]},{"@type":"ImageObject","inLanguage":"fi","@id":"https:\/\/lasher.ee\/fi\/tuote\/super-narrow-6d-0-05-700-viuhkaa\/#primaryimage","url":"https:\/\/lasher.ee\/wp-content\/uploads\/2025\/08\/IMG_5449-2-1.jpg","contentUrl":"https:\/\/lasher.ee\/wp-content\/uploads\/2025\/08\/IMG_5449-2-1.jpg","width":1100,"height":1100,"caption":"Super Narrow 6D valmisviuhkat 0,05 mm (700 suppiloa)"},{"@type":"BreadcrumbList","@id":"https:\/\/lasher.ee\/fi\/tuote\/super-narrow-6d-0-05-700-viuhkaa\/#breadcrumb","itemListElement":[{"@type":"ListItem","position":1,"name":"Home","item":"https:\/\/lasher.ee\/fi\/"},{"@type":"ListItem","position":2,"name":"Kaikki tuotteet","item":"https:\/\/lasher.ee\/fi\/kaikki-tuotteet\/"},{"@type":"ListItem","position":3,"name":"Super narrow 6D valmisviuhkat (700 viuhkaa)"}]},{"@type":"WebSite","@id":"https:\/\/lasher.ee\/fi\/#website","url":"https:\/\/lasher.ee\/fi\/","name":"Lasher","description":"K\u00f5ik vajalikud ripsmetarvikud ripsmetehnikule \u00fchest kohast.","publisher":{"@id":"https:\/\/lasher.ee\/fi\/#organization"},"potentialAction":[{"@type":"SearchAction","target":{"@type":"EntryPoint","urlTemplate":"https:\/\/lasher.ee\/fi\/?s={search_term_string}"},"query-input":{"@type":"PropertyValueSpecification","valueRequired":true,"valueName":"search_term_string"}}],"inLanguage":"fi"},{"@type":"Organization","@id":"https:\/\/lasher.ee\/fi\/#organization","name":"Lasher","url":"https:\/\/lasher.ee\/fi\/","logo":{"@type":"ImageObject","inLanguage":"fi","@id":"https:\/\/lasher.ee\/fi\/#\/schema\/logo\/image\/","url":"https:\/\/lasher.ee\/wp-content\/uploads\/2024\/09\/Screenshot-2024-09-03-at-11.58.17.png","contentUrl":"https:\/\/lasher.ee\/wp-content\/uploads\/2024\/09\/Screenshot-2024-09-03-at-11.58.17.png","width":1678,"height":1670,"caption":"Lasher"},"image":{"@id":"https:\/\/lasher.ee\/fi\/#\/schema\/logo\/image\/"},"sameAs":["https:\/\/www.facebook.com\/profile.php?id=61564523265885","https:\/\/www.instagram.com\/lasher_official\/"]}]}},"_links":{"self":[{"href":"https:\/\/lasher.ee\/fi\/wp-json\/wp\/v2\/product\/9184","targetHints":{"allow":["GET"]}}],"collection":[{"href":"https:\/\/lasher.ee\/fi\/wp-json\/wp\/v2\/product"}],"about":[{"href":"https:\/\/lasher.ee\/fi\/wp-json\/wp\/v2\/types\/product"}],"replies":[{"embeddable":true,"href":"https:\/\/lasher.ee\/fi\/wp-json\/wp\/v2\/comments?post=9184"}],"wp:featuredmedia":[{"embeddable":true,"href":"https:\/\/lasher.ee\/fi\/wp-json\/wp\/v2\/media\/9231"}],"wp:attachment":[{"href":"https:\/\/lasher.ee\/fi\/wp-json\/wp\/v2\/media?parent=9184"}],"wp:term":[{"taxonomy":"product_brand","embeddable":true,"href":"https:\/\/lasher.ee\/fi\/wp-json\/wp\/v2\/product_brand?post=9184"},{"taxonomy":"product_cat","embeddable":true,"href":"https:\/\/lasher.ee\/fi\/wp-json\/wp\/v2\/product_cat?post=9184"},{"taxonomy":"product_tag","embeddable":true,"href":"https:\/\/lasher.ee\/fi\/wp-json\/wp\/v2\/product_tag?post=9184"}],"curies":[{"name":"wp","href":"https:\/\/api.w.org\/{rel}","templated":true}]}}